{"id":2284,"date":"2025-01-09T10:21:36","date_gmt":"2025-01-09T09:21:36","guid":{"rendered":"https:\/\/www.novationtech.com\/?page_id=2284"},"modified":"2025-01-09T10:34:33","modified_gmt":"2025-01-09T09:34:33","slug":"ginop-plusz-3-2-1-21-3","status":"publish","type":"page","link":"https:\/\/www.novationtech.com\/hu\/ginop-plusz-3-2-1-21-3\/","title":{"rendered":"GINOP Plusz 3.2.1-21 III"},"content":{"rendered":"<p><img loading=\"lazy\" decoding=\"async\" class=\"alignnone wp-image-1741\" src=\"https:\/\/www.novationtech.com\/wp-content\/uploads\/kedvezmenyezetti_infoblokk_fekvo_magyar_cmyk-1-300x86.png\" alt=\"\" width=\"460\" height=\"132\" srcset=\"https:\/\/www.novationtech.com\/wp-content\/uploads\/kedvezmenyezetti_infoblokk_fekvo_magyar_cmyk-1-300x86.png 300w, https:\/\/www.novationtech.com\/wp-content\/uploads\/kedvezmenyezetti_infoblokk_fekvo_magyar_cmyk-1-1024x292.png 1024w, https:\/\/www.novationtech.com\/wp-content\/uploads\/kedvezmenyezetti_infoblokk_fekvo_magyar_cmyk-1-768x219.png 768w, https:\/\/www.novationtech.com\/wp-content\/uploads\/kedvezmenyezetti_infoblokk_fekvo_magyar_cmyk-1-1536x438.png 1536w, https:\/\/www.novationtech.com\/wp-content\/uploads\/kedvezmenyezetti_infoblokk_fekvo_magyar_cmyk-1-2048x584.png 2048w\" sizes=\"auto, (max-width: 460px) 100vw, 460px\" \/><\/p>\n<p>Kedvezm\u00e9nyezett neve: Novation Tech HU Kft.<\/p>\n<p><u>K\u00e9pz\u00e9sek elnevez\u00e9se \u00e9s c\u00e9lja:<\/u><\/p>\n<p><strong>Vezet\u0151i kompetenciafejleszt\u00e9s<\/strong> c\u00e9lja, a vezeto\u030bi eszko\u0308zta\u0301r gyakorlati ismereteinek me\u0301lyi\u0301te\u0301se, ce\u0301gspecifikus helyzetekben a szu\u0308kse\u0301ges eszko\u0308z felismere\u0301se, a vezeto\u030bi kompetencia ta\u0301rha\u0301z bo\u030bvi\u0301te\u0301se, tudatos vezeto\u030bi do\u0308nte\u0301sek meghozatala\u0301hoz szu\u0308kse\u0301ges gyakorlati ismeretek elsaja\u0301ti\u0301ta\u0301sa.<\/p>\n<p><strong>Vezet\u0151i kompetenciafejleszt\u00e9s<\/strong> (k\u00f6z\u00e9pvezet\u0151) c\u00e9lja, a vezeto\u030bi eszko\u0308zta\u0301r gyakorlati ismereteinek me\u0301lyi\u0301te\u0301se, ce\u0301gspecifikus helyzetekben a szu\u0308kse\u0301ges eszko\u0308z felismere\u0301se, a vezeto\u030bi kompetencia ta\u0301rha\u0301z bo\u030bvi\u0301te\u0301se, tudatos vezeto\u030bi do\u0308nte\u0301sek meghozatala\u0301hoz szu\u0308kse\u0301ges gyakorlati ismeretek elsaja\u0301ti\u0301ta\u0301sa.<\/p>\n<p><strong>Szem\u00e9lyi kompetenciafejleszt\u00e9s<\/strong> c\u00e9lja, hogy a re\u0301sztvevo\u030bk to\u0308bbek ko\u0308zo\u0308tt fejlessze\u0301k szeme\u0301lyise\u0301gu\u0308k mu\u030bko\u0308de\u0301se\u0301t, magabiztossa\u0301gukat, etikus magatarta\u0301sukat.<\/p>\n<p><strong>Hat\u00e9kony csapat\u00e9p\u00edt\u00e9s<\/strong> c\u00e9lja, hogy a ke\u0301pze\u0301sben re\u0301sztvevo\u030bk megismerje\u0301k a hate\u0301kony csapate\u0301pi\u0301te\u0301shez szu\u0308kse\u0301ges ismereteket.<\/p>\n<p><strong>Kommunik\u00e1ci\u00f3 \u00e9s konfliktuskezel\u00e9s<\/strong> c\u00e9lja, hogy a ke\u0301pze\u0301sben re\u0301sztvevo\u030bk fejlessze\u0301k kommunika\u0301cio\u0301s ke\u0301szse\u0301geiket, e\u0301s megismerje\u0301k a konfliktuskezele\u0301si technika\u0301kat.<\/p>\n<p><strong>Munkav\u00e1llal\u00f3i hat\u00e9konys\u00e1gfejleszt\u00e9s<\/strong> c\u00e9lja, hogy a ke\u0301pze\u0301sben re\u0301sztvevo\u030bk ke\u0301pesek legyenek a va\u0301llalat folyamatelvu\u030b megko\u0308zeli\u0301te\u0301se\u0301re, a teve\u0301kenyse\u0301gek logikus kapcsolo\u0301da\u0301sa\u0301nak kialaki\u0301ta\u0301sa\u0301ra, az a\u0301tada\u0301si pontok felelo\u030bsse\u0301geinek tiszta\u0301za\u0301sa\u0301ra, ezzel az a\u0301tada\u0301sok kocka\u0301zatainak me\u0301rse\u0301kle\u0301se\u0301re. A re\u0301sztvevo\u030bk ke\u0301pesek lesznek megku\u0308lo\u0308nbo\u0308ztetni a folyamatok ku\u0308lo\u0308nbo\u0308zo\u030b szintjeit e\u0301s annak megfelelo\u030ben elja\u0301rni. A folyamatok teljes lefuta\u0301sa\u0301nak ege\u0301szben to\u0308rte\u0301no\u030b vizsga\u0301lata \u2013 elemze\u0301se, e\u0301rte\u0301kele\u0301se teszi leheto\u030bve\u0301 a hate\u0301kony mu\u030bko\u0308de\u0301st e\u0301s a\u0301tla\u0301thato\u0301sa\u0301got.<br \/>\nA re\u0301sztvevo\u030bk megismerkedjenek a do\u0308nte\u0301si mechanizmusokkal, ke\u0301pesek legyenek sze\u0301les o\u0308sszefu\u0308gge\u0301sekben gondolkodni, elsaja\u0301ti\u0301tsa\u0301k a va\u0301ltoza\u0301s szu\u0308kse\u0301gesse\u0301ge\u0301t felismero\u030b szemle\u0301leteket, tova\u0301bba\u0301 ke\u0301pesek legyenek a\u0301tla\u0301tni e\u0301s nyomonko\u0308vetni a ra\u0301juk bi\u0301zott projektet az elso\u030b le\u0301pe\u0301sto\u030bl az utolso\u0301 simi\u0301ta\u0301sokig, visszame\u0301re\u0301sig. A projektmenedzsmenti tuda\u0301s alkalmaza\u0301sa\u0301val a mino\u030bse\u0301gi e\u0301s szakmai ce\u0301lok kevesebb ido\u030bra\u0301fordi\u0301ta\u0301ssal e\u0301s ko\u0308ltse\u0301ggel e\u0301rheto\u030bk el. Komplexita\u0301st, nagyobb a\u0301tla\u0301thato\u0301sa\u0301got tudunk ele\u0301rni vele, jelento\u030bsen cso\u0308kkenthetju\u0308k a felmeru\u0308lo\u030b kocka\u0301zatokat e\u0301s fokozni tudjuk a motiva\u0301cio\u0301t is.<\/p>\n<p><strong>MS Excel<\/strong> k\u00e9pz\u00e9s c\u00e9lja az Excel magabiztos haszna\u0301lata\u0301nak elsaja\u0301ti\u0301ta\u0301sa.<\/p>\n<p>A szerz\u0151d\u00f6tt t\u00e1mogat\u00e1s \u00f6sszege: 17.034.600 Ft<\/p>\n<p><u>A k\u00e9pz\u00e9sek r\u00e9szletes bemutat\u00e1sa:<\/u><\/p>\n<p>Vezet\u0151i kompetenciafejleszt\u00e9s k\u00e9pz\u00e9s teljes\u00edt\u00e9se sor\u00e1n a k\u00e9pz\u00e9sben r\u00e9sztvev\u0151k megismerik a vezeto\u030bi szerepeket, sti\u0301lusokat. K\u00e9pess\u00e9 v\u00e1lnak a hiteles vezet\u0151 szerep elsaj\u00e1t\u00edt\u00e1s\u00e1ra, valamint a tudatos vezet\u0151i hozz\u00e1\u00e1ll\u00e1sra. Megismerik kommunika\u0301cio\u0301s hiba\u0301kat, e\u0301s ke\u0301pesek lesznek azok kezele\u0301se\u0301re.<\/p>\n<p>Vezet\u0151i kompetenciafejleszt\u00e9s (k\u00f6z\u00e9pvezet\u0151) k\u00e9pz\u00e9s teljes\u00edt\u00e9se sor\u00e1n a k\u00e9pz\u00e9sben r\u00e9sztvev\u0151k megismerik a vezeto\u030bi szerepeket, sti\u0301lusokat. K\u00e9pess\u00e9 v\u00e1lnak a hiteles vezet\u0151 szerep elsaj\u00e1t\u00edt\u00e1s\u00e1ra, valamint a tudatos vezet\u0151i hozz\u00e1\u00e1ll\u00e1sra. Megismerik kommunika\u0301cio\u0301s hiba\u0301kat, e\u0301s ke\u0301pesek lesznek azok kezele\u0301se\u0301re.<\/p>\n<p>Szem\u00e9lyi kompetenciafejleszt\u00e9s k\u00e9pz\u00e9s teljes\u00edt\u00e9se sor\u00e1n a k\u00e9pz\u00e9sben r\u00e9sztvev\u0151k megismerik a st\u00edlusokat, \u00e9s k\u00e9pesek lesznek a megfelel\u0151 alkalmaz\u00e1s\u00e1ra.<br \/>\nA r\u00e9sztvev\u0151k k\u00e9pess\u00e9 v\u00e1lnak a magabiztos megnyilv\u00e1nul\u00e1sra, valamint a csapaton bel\u00fcli egy\u00fcttm\u0171k\u00f6d\u00e9sre.<\/p>\n<p>Hat\u00e9kony csapat\u00e9p\u00edt\u00e9s k\u00e9pz\u00e9s teljes\u00edt\u00e9se sor\u00e1n a k\u00e9pz\u00e9sben r\u00e9sztvev\u0151k megismerik a hat\u00e9kony csapat\u00e9p\u00edt\u00e9s lehet\u0151s\u00e9geit. K\u00e9pess\u00e9 v\u00e1lnak a hat\u00e9kony csapat\u00e9p\u00edt\u00e9sre.<\/p>\n<p>Kommunik\u00e1ci\u00f3 \u00e9s konfliktuskezel\u00e9s k\u00e9pz\u00e9s teljes\u00edt\u00e9se sor\u00e1n a k\u00e9pz\u00e9sben r\u00e9sztvev\u0151k megismerik a kommunik\u00e1ci\u00f3 saj\u00e1toss\u00e1gait, technik\u00e1it, valamint saj\u00e1t kommunik\u00e1ci\u00f3s viselked\u00e9sm\u00f3djaikat, \u00e9s k\u00e9pess\u00e9 v\u00e1lnak annak fejleszt\u00e9s\u00e9re. Felismerik a konfliktushelyzeteket, \u00e9s k\u00e9pesek azokat hat\u00e9konyan kezelni.<\/p>\n<p>Munkav\u00e1llal\u00f3i hat\u00e9konys\u00e1gfejleszt\u00e9s k\u00e9pz\u00e9s teljes\u00edt\u00e9se sor\u00e1n a ke\u0301pze\u0301sben re\u0301sztvevo\u030bk ke\u0301pesek lesznek a va\u0301llalat folyamatelvu\u030b megko\u0308zeli\u0301te\u0301se\u0301re, a teve\u0301kenyse\u0301gek logikus kapcsolo\u0301da\u0301sa\u0301nak kialaki\u0301ta\u0301sa\u0301ra, az a\u0301tada\u0301si pontok felelo\u030bsse\u0301geinek tiszta\u0301za\u0301sa\u0301ra, ezzel az a\u0301tada\u0301sok kocka\u0301zatainak me\u0301rse\u0301kle\u0301se\u0301re. Ke\u0301pesek lesznek megku\u0308lo\u0308nbo\u0308ztetni a folyamatok ku\u0308lo\u0308nbo\u0308zo\u030b szintjeit e\u0301s annak megfelelo\u030ben elja\u0301rni. A folyamatok teljes lefuta\u0301sa\u0301nak ege\u0301szben to\u0308rte\u0301no\u030b vizsga\u0301lata \u2013 elemze\u0301se, e\u0301rte\u0301kele\u0301se teszi leheto\u030bve\u0301 a hate\u0301kony mu\u030bko\u0308de\u0301st e\u0301s a\u0301tla\u0301thato\u0301sa\u0301got.<br \/>\nA re\u0301sztvevo\u030bk megismerkednek a do\u0308nte\u0301si mechanizmusokkal, ke\u0301pess\u00e9 v\u00e1lnak sze\u0301les o\u0308sszefu\u0308gge\u0301sekben gondolkodni, elsaja\u0301ti\u0301tani a va\u0301ltoza\u0301s szu\u0308kse\u0301gesse\u0301ge\u0301t felismero\u030b szemle\u0301leteket, tova\u0301bba\u0301 ke\u0301pesek lesznek a\u0301tla\u0301tni e\u0301s nyomonko\u0308vetni a ra\u0301juk bi\u0301zott projektet az elso\u030b le\u0301pe\u0301sto\u030bl az utolso\u0301 simi\u0301ta\u0301sokig, visszame\u0301re\u0301sig. A projektmenedzsmenti tuda\u0301s alkalmaza\u0301sa\u0301val a mino\u030bse\u0301gi e\u0301s szakmai ce\u0301lok kevesebb ido\u030bra\u0301fordi\u0301ta\u0301ssal e\u0301s ko\u0308ltse\u0301ggel e\u0301rheto\u030bk el. Komplexita\u0301st, nagyobb a\u0301tla\u0301thato\u0301sa\u0301got tudunk ele\u0301rni vele, jelento\u030bsen cso\u0308kkenthetju\u0308k a felmeru\u0308lo\u030b kocka\u0301zatokat e\u0301s fokozni tudjuk a motiva\u0301cio\u0301t is.<\/p>\n<p>MS Excel k\u00e9pz\u00e9s teljes\u00edt\u00e9se sor\u00e1n a k\u00e9pz\u00e9sben r\u00e9sztvev\u0151k k\u00e9pesek lesznek t\u00e1bl\u00e1zatokat l\u00e9trehozni, menteni k\u00fcl\u00f6nb\u00f6z\u0151 f\u00e1jlform\u00e1tumokban, cell\u00e1ba adatot bevinni, list\u00e1kat l\u00e9trehozni, adatot kijelo\u0308lni, rendezni, ma\u0301solni, mozgatni, to\u0308ro\u0308lni, tova\u0301bba\u0301 sorokat e\u0301s oszlopokat szerkeszteni a munkalapokon; ma\u0301solni, mozgatni, to\u0308ro\u0308lni e\u0301s megfelelo\u030ben a\u0301tnevezni a munkalapokat.<br \/>\nK\u00e9pesek lesznek ta\u0301bla\u0301zatkezelo\u030b funkcio\u0301k segi\u0301tse\u0301ge\u0301vel matematikai e\u0301s logikai fu\u0308ggve\u0301nyeket le\u0301trehozni \u00e9s \u00edgy megfelel\u0151 gyakorlatot szerezni a f\u00fcggv\u00e9nyek l\u00e9trehoz\u00e1s\u00e1ban, f\u00fcggv\u00e9nyhib\u00e1k felismer\u00e9s\u00e9ben, illetve sz\u00e1m \u00e9s sz\u00f6vegtartalom form\u00e1z\u00e1s\u00e1ban.<br \/>\nAz informa\u0301cio\u0301 mine\u0301l pontosabb a\u0301tada\u0301sa e\u0301rdeke\u0301ben a r\u00e9sztvev\u0151k ke\u0301pesek lesznek kiva\u0301lasztani, le\u0301trehozni, e\u0301s megforma\u0301zni a megfelelo\u030b grafikont, valamint a ta\u0301bla\u0301zat oldalsza\u0301mait megfelelo\u030ben bea\u0301lli\u0301tani, illetve elleno\u030brizni e\u0301s javi\u0301tani a tartalmat a nyomtata\u0301s elo\u030btt.<\/p>\n<p>A k\u00e9pz\u00e9sek tervezett befejez\u00e9si d\u00e1tuma: 2025.08.31.<\/p>\n","protected":false},"excerpt":{"rendered":"<p>Kedvezm\u00e9nyezett neve: Novation Tech HU Kft. K\u00e9pz\u00e9sek elnevez\u00e9se \u00e9s c\u00e9lja: Vezet\u0151i kompetenciafejleszt\u00e9s c\u00e9lja, a vezeto\u030bi eszko\u0308zta\u0301r gyakorlati ismereteinek me\u0301lyi\u0301te\u0301se, ce\u0301gspecifikus helyzetekben a szu\u0308kse\u0301ges eszko\u0308z felismere\u0301se, a vezeto\u030bi kompetencia ta\u0301rha\u0301z bo\u030bvi\u0301te\u0301se, tudatos vezeto\u030bi do\u0308nte\u0301sek meghozatala\u0301hoz szu\u0308kse\u0301ges gyakorlati ismeretek elsaja\u0301ti\u0301ta\u0301sa. Vezet\u0151i kompetenciafejleszt\u00e9s (k\u00f6z\u00e9pvezet\u0151) c\u00e9lja, a vezeto\u030bi eszko\u0308zta\u0301r gyakorlati ismereteinek me\u0301lyi\u0301te\u0301se, ce\u0301gspecifikus helyzetekben a szu\u0308kse\u0301ges eszko\u0308z felismere\u0301se, a [&hellip;]<\/p>\n","protected":false},"author":4,"featured_media":0,"parent":0,"menu_order":0,"comment_status":"closed","ping_status":"closed","template":"","meta":{"_acf_changed":false,"inline_featured_image":false,"footnotes":""},"class_list":["post-2284","page","type-page","status-publish","hentry"],"acf":[],"yoast_head":"<!-- This site is optimized with the Yoast SEO plugin v27.4 - https:\/\/yoast.com\/product\/yoast-seo-wordpress\/ -->\n<title>GINOP Plusz 3.2.1-21 III - Novation Tech<\/title>\n<meta name=\"robots\" content=\"index, follow, max-snippet:-1, max-image-preview:large, max-video-preview:-1\" \/>\n<link rel=\"canonical\" href=\"https:\/\/www.novationtech.com\/hu\/ginop-plusz-3-2-1-21-3\/\" \/>\n<meta property=\"og:locale\" content=\"hu_HU\" \/>\n<meta property=\"og:type\" content=\"article\" \/>\n<meta property=\"og:title\" content=\"GINOP Plusz 3.2.1-21 III - Novation Tech\" \/>\n<meta property=\"og:description\" content=\"Kedvezm\u00e9nyezett neve: Novation Tech HU Kft. K\u00e9pz\u00e9sek elnevez\u00e9se \u00e9s c\u00e9lja: Vezet\u0151i kompetenciafejleszt\u00e9s c\u00e9lja, a vezeto\u030bi eszko\u0308zta\u0301r gyakorlati ismereteinek me\u0301lyi\u0301te\u0301se, ce\u0301gspecifikus helyzetekben a szu\u0308kse\u0301ges eszko\u0308z felismere\u0301se, a vezeto\u030bi kompetencia ta\u0301rha\u0301z bo\u030bvi\u0301te\u0301se, tudatos vezeto\u030bi do\u0308nte\u0301sek meghozatala\u0301hoz szu\u0308kse\u0301ges gyakorlati ismeretek elsaja\u0301ti\u0301ta\u0301sa. Vezet\u0151i kompetenciafejleszt\u00e9s (k\u00f6z\u00e9pvezet\u0151) c\u00e9lja, a vezeto\u030bi eszko\u0308zta\u0301r gyakorlati ismereteinek me\u0301lyi\u0301te\u0301se, ce\u0301gspecifikus helyzetekben a szu\u0308kse\u0301ges eszko\u0308z felismere\u0301se, a [&hellip;]\" \/>\n<meta property=\"og:url\" content=\"https:\/\/www.novationtech.com\/hu\/ginop-plusz-3-2-1-21-3\/\" \/>\n<meta property=\"og:site_name\" content=\"Novation Tech\" \/>\n<meta property=\"article:modified_time\" content=\"2025-01-09T09:34:33+00:00\" \/>\n<meta property=\"og:image\" content=\"https:\/\/www.novationtech.com\/wp-content\/uploads\/kedvezmenyezetti_infoblokk_fekvo_magyar_cmyk-1.png\" \/>\n\t<meta property=\"og:image:width\" content=\"3308\" \/>\n\t<meta property=\"og:image:height\" content=\"943\" \/>\n\t<meta property=\"og:image:type\" content=\"image\/png\" \/>\n<meta name=\"twitter:card\" content=\"summary_large_image\" \/>\n<meta name=\"twitter:label1\" content=\"Becs\u00fclt olvas\u00e1si id\u0151\" \/>\n\t<meta name=\"twitter:data1\" content=\"4 perc\" \/>\n<script type=\"application\/ld+json\" class=\"yoast-schema-graph\">{\"@context\":\"https:\\\/\\\/schema.org\",\"@graph\":[{\"@type\":\"WebPage\",\"@id\":\"https:\\\/\\\/www.novationtech.com\\\/hu\\\/ginop-plusz-3-2-1-21-3\\\/\",\"url\":\"https:\\\/\\\/www.novationtech.com\\\/hu\\\/ginop-plusz-3-2-1-21-3\\\/\",\"name\":\"GINOP Plusz 3.2.1-21 III - Novation Tech\",\"isPartOf\":{\"@id\":\"https:\\\/\\\/www.novationtech.com\\\/hu\\\/#website\"},\"primaryImageOfPage\":{\"@id\":\"https:\\\/\\\/www.novationtech.com\\\/hu\\\/ginop-plusz-3-2-1-21-3\\\/#primaryimage\"},\"image\":{\"@id\":\"https:\\\/\\\/www.novationtech.com\\\/hu\\\/ginop-plusz-3-2-1-21-3\\\/#primaryimage\"},\"thumbnailUrl\":\"https:\\\/\\\/www.novationtech.com\\\/wp-content\\\/uploads\\\/kedvezmenyezetti_infoblokk_fekvo_magyar_cmyk-1-300x86.png\",\"datePublished\":\"2025-01-09T09:21:36+00:00\",\"dateModified\":\"2025-01-09T09:34:33+00:00\",\"breadcrumb\":{\"@id\":\"https:\\\/\\\/www.novationtech.com\\\/hu\\\/ginop-plusz-3-2-1-21-3\\\/#breadcrumb\"},\"inLanguage\":\"hu\",\"potentialAction\":[{\"@type\":\"ReadAction\",\"target\":[\"https:\\\/\\\/www.novationtech.com\\\/hu\\\/ginop-plusz-3-2-1-21-3\\\/\"]}]},{\"@type\":\"ImageObject\",\"inLanguage\":\"hu\",\"@id\":\"https:\\\/\\\/www.novationtech.com\\\/hu\\\/ginop-plusz-3-2-1-21-3\\\/#primaryimage\",\"url\":\"https:\\\/\\\/www.novationtech.com\\\/wp-content\\\/uploads\\\/kedvezmenyezetti_infoblokk_fekvo_magyar_cmyk-1-300x86.png\",\"contentUrl\":\"https:\\\/\\\/www.novationtech.com\\\/wp-content\\\/uploads\\\/kedvezmenyezetti_infoblokk_fekvo_magyar_cmyk-1-300x86.png\"},{\"@type\":\"BreadcrumbList\",\"@id\":\"https:\\\/\\\/www.novationtech.com\\\/hu\\\/ginop-plusz-3-2-1-21-3\\\/#breadcrumb\",\"itemListElement\":[{\"@type\":\"ListItem\",\"position\":1,\"name\":\"Home\",\"item\":\"https:\\\/\\\/www.novationtech.com\\\/hu\\\/\"},{\"@type\":\"ListItem\",\"position\":2,\"name\":\"GINOP Plusz 3.2.1-21 III\"}]},{\"@type\":\"WebSite\",\"@id\":\"https:\\\/\\\/www.novationtech.com\\\/hu\\\/#website\",\"url\":\"https:\\\/\\\/www.novationtech.com\\\/hu\\\/\",\"name\":\"Novation Tech\",\"description\":\"Excellence is our mission\",\"potentialAction\":[{\"@type\":\"SearchAction\",\"target\":{\"@type\":\"EntryPoint\",\"urlTemplate\":\"https:\\\/\\\/www.novationtech.com\\\/hu\\\/?s={search_term_string}\"},\"query-input\":{\"@type\":\"PropertyValueSpecification\",\"valueRequired\":true,\"valueName\":\"search_term_string\"}}],\"inLanguage\":\"hu\"}]}<\/script>\n<!-- \/ Yoast SEO plugin. -->","yoast_head_json":{"title":"GINOP Plusz 3.2.1-21 III - Novation Tech","robots":{"index":"index","follow":"follow","max-snippet":"max-snippet:-1","max-image-preview":"max-image-preview:large","max-video-preview":"max-video-preview:-1"},"canonical":"https:\/\/www.novationtech.com\/hu\/ginop-plusz-3-2-1-21-3\/","og_locale":"hu_HU","og_type":"article","og_title":"GINOP Plusz 3.2.1-21 III - Novation Tech","og_description":"Kedvezm\u00e9nyezett neve: Novation Tech HU Kft. K\u00e9pz\u00e9sek elnevez\u00e9se \u00e9s c\u00e9lja: Vezet\u0151i kompetenciafejleszt\u00e9s c\u00e9lja, a vezeto\u030bi eszko\u0308zta\u0301r gyakorlati ismereteinek me\u0301lyi\u0301te\u0301se, ce\u0301gspecifikus helyzetekben a szu\u0308kse\u0301ges eszko\u0308z felismere\u0301se, a vezeto\u030bi kompetencia ta\u0301rha\u0301z bo\u030bvi\u0301te\u0301se, tudatos vezeto\u030bi do\u0308nte\u0301sek meghozatala\u0301hoz szu\u0308kse\u0301ges gyakorlati ismeretek elsaja\u0301ti\u0301ta\u0301sa. Vezet\u0151i kompetenciafejleszt\u00e9s (k\u00f6z\u00e9pvezet\u0151) c\u00e9lja, a vezeto\u030bi eszko\u0308zta\u0301r gyakorlati ismereteinek me\u0301lyi\u0301te\u0301se, ce\u0301gspecifikus helyzetekben a szu\u0308kse\u0301ges eszko\u0308z felismere\u0301se, a [&hellip;]","og_url":"https:\/\/www.novationtech.com\/hu\/ginop-plusz-3-2-1-21-3\/","og_site_name":"Novation Tech","article_modified_time":"2025-01-09T09:34:33+00:00","og_image":[{"width":3308,"height":943,"url":"https:\/\/www.novationtech.com\/wp-content\/uploads\/kedvezmenyezetti_infoblokk_fekvo_magyar_cmyk-1.png","type":"image\/png"}],"twitter_card":"summary_large_image","twitter_misc":{"Becs\u00fclt olvas\u00e1si id\u0151":"4 perc"},"schema":{"@context":"https:\/\/schema.org","@graph":[{"@type":"WebPage","@id":"https:\/\/www.novationtech.com\/hu\/ginop-plusz-3-2-1-21-3\/","url":"https:\/\/www.novationtech.com\/hu\/ginop-plusz-3-2-1-21-3\/","name":"GINOP Plusz 3.2.1-21 III - Novation Tech","isPartOf":{"@id":"https:\/\/www.novationtech.com\/hu\/#website"},"primaryImageOfPage":{"@id":"https:\/\/www.novationtech.com\/hu\/ginop-plusz-3-2-1-21-3\/#primaryimage"},"image":{"@id":"https:\/\/www.novationtech.com\/hu\/ginop-plusz-3-2-1-21-3\/#primaryimage"},"thumbnailUrl":"https:\/\/www.novationtech.com\/wp-content\/uploads\/kedvezmenyezetti_infoblokk_fekvo_magyar_cmyk-1-300x86.png","datePublished":"2025-01-09T09:21:36+00:00","dateModified":"2025-01-09T09:34:33+00:00","breadcrumb":{"@id":"https:\/\/www.novationtech.com\/hu\/ginop-plusz-3-2-1-21-3\/#breadcrumb"},"inLanguage":"hu","potentialAction":[{"@type":"ReadAction","target":["https:\/\/www.novationtech.com\/hu\/ginop-plusz-3-2-1-21-3\/"]}]},{"@type":"ImageObject","inLanguage":"hu","@id":"https:\/\/www.novationtech.com\/hu\/ginop-plusz-3-2-1-21-3\/#primaryimage","url":"https:\/\/www.novationtech.com\/wp-content\/uploads\/kedvezmenyezetti_infoblokk_fekvo_magyar_cmyk-1-300x86.png","contentUrl":"https:\/\/www.novationtech.com\/wp-content\/uploads\/kedvezmenyezetti_infoblokk_fekvo_magyar_cmyk-1-300x86.png"},{"@type":"BreadcrumbList","@id":"https:\/\/www.novationtech.com\/hu\/ginop-plusz-3-2-1-21-3\/#breadcrumb","itemListElement":[{"@type":"ListItem","position":1,"name":"Home","item":"https:\/\/www.novationtech.com\/hu\/"},{"@type":"ListItem","position":2,"name":"GINOP Plusz 3.2.1-21 III"}]},{"@type":"WebSite","@id":"https:\/\/www.novationtech.com\/hu\/#website","url":"https:\/\/www.novationtech.com\/hu\/","name":"Novation Tech","description":"Excellence is our mission","potentialAction":[{"@type":"SearchAction","target":{"@type":"EntryPoint","urlTemplate":"https:\/\/www.novationtech.com\/hu\/?s={search_term_string}"},"query-input":{"@type":"PropertyValueSpecification","valueRequired":true,"valueName":"search_term_string"}}],"inLanguage":"hu"}]}},"_links":{"self":[{"href":"https:\/\/www.novationtech.com\/hu\/wp-json\/wp\/v2\/pages\/2284","targetHints":{"allow":["GET"]}}],"collection":[{"href":"https:\/\/www.novationtech.com\/hu\/wp-json\/wp\/v2\/pages"}],"about":[{"href":"https:\/\/www.novationtech.com\/hu\/wp-json\/wp\/v2\/types\/page"}],"author":[{"embeddable":true,"href":"https:\/\/www.novationtech.com\/hu\/wp-json\/wp\/v2\/users\/4"}],"replies":[{"embeddable":true,"href":"https:\/\/www.novationtech.com\/hu\/wp-json\/wp\/v2\/comments?post=2284"}],"version-history":[{"count":4,"href":"https:\/\/www.novationtech.com\/hu\/wp-json\/wp\/v2\/pages\/2284\/revisions"}],"predecessor-version":[{"id":2290,"href":"https:\/\/www.novationtech.com\/hu\/wp-json\/wp\/v2\/pages\/2284\/revisions\/2290"}],"wp:attachment":[{"href":"https:\/\/www.novationtech.com\/hu\/wp-json\/wp\/v2\/media?parent=2284"}],"curies":[{"name":"wp","href":"https:\/\/api.w.org\/{rel}","templated":true}]}}