{"id":1393,"date":"2022-05-17T15:52:11","date_gmt":"2022-05-17T13:52:11","guid":{"rendered":"https:\/\/www.novationtech.com\/?page_id=1393"},"modified":"2022-05-17T15:52:11","modified_gmt":"2022-05-17T13:52:11","slug":"allasajanlataink","status":"publish","type":"page","link":"https:\/\/www.novationtech.com\/hu\/allasajanlataink\/","title":{"rendered":"\u00c1ll\u00e1saj\u00e1nlataink"},"content":{"rendered":"","protected":false},"excerpt":{"rendered":"","protected":false},"author":4,"featured_media":0,"parent":0,"menu_order":0,"comment_status":"closed","ping_status":"closed","template":"templates\/page-careers.php","meta":{"_acf_changed":false,"inline_featured_image":false,"footnotes":""},"class_list":["post-1393","page","type-page","status-publish","hentry"],"acf":[],"yoast_head":"<!-- This site is optimized with the Yoast SEO plugin v27.4 - https:\/\/yoast.com\/product\/yoast-seo-wordpress\/ -->\n<title>\u00c1ll\u00e1saj\u00e1nlataink - Novation Tech<\/title>\n<meta name=\"robots\" content=\"index, follow, max-snippet:-1, max-image-preview:large, max-video-preview:-1\" \/>\n<link rel=\"canonical\" href=\"https:\/\/www.novationtech.com\/hu\/allasajanlataink\/\" \/>\n<meta property=\"og:locale\" content=\"hu_HU\" \/>\n<meta property=\"og:type\" content=\"article\" \/>\n<meta property=\"og:title\" content=\"\u00c1ll\u00e1saj\u00e1nlataink - Novation Tech\" \/>\n<meta property=\"og:url\" content=\"https:\/\/www.novationtech.com\/hu\/allasajanlataink\/\" \/>\n<meta property=\"og:site_name\" content=\"Novation Tech\" \/>\n<meta name=\"twitter:card\" content=\"summary_large_image\" \/>\n<script type=\"application\/ld+json\" class=\"yoast-schema-graph\">{\"@context\":\"https:\\\/\\\/schema.org\",\"@graph\":[{\"@type\":\"WebPage\",\"@id\":\"https:\\\/\\\/www.novationtech.com\\\/hu\\\/allasajanlataink\\\/\",\"url\":\"https:\\\/\\\/www.novationtech.com\\\/hu\\\/allasajanlataink\\\/\",\"name\":\"\u00c1ll\u00e1saj\u00e1nlataink - Novation Tech\",\"isPartOf\":{\"@id\":\"https:\\\/\\\/www.novationtech.com\\\/hu\\\/#website\"},\"datePublished\":\"2022-05-17T13:52:11+00:00\",\"breadcrumb\":{\"@id\":\"https:\\\/\\\/www.novationtech.com\\\/hu\\\/allasajanlataink\\\/#breadcrumb\"},\"inLanguage\":\"hu\",\"potentialAction\":[{\"@type\":\"ReadAction\",\"target\":[\"https:\\\/\\\/www.novationtech.com\\\/hu\\\/allasajanlataink\\\/\"]}]},{\"@type\":\"BreadcrumbList\",\"@id\":\"https:\\\/\\\/www.novationtech.com\\\/hu\\\/allasajanlataink\\\/#breadcrumb\",\"itemListElement\":[{\"@type\":\"ListItem\",\"position\":1,\"name\":\"Home\",\"item\":\"https:\\\/\\\/www.novationtech.com\\\/hu\\\/\"},{\"@type\":\"ListItem\",\"position\":2,\"name\":\"\u00c1ll\u00e1saj\u00e1nlataink\"}]},{\"@type\":\"WebSite\",\"@id\":\"https:\\\/\\\/www.novationtech.com\\\/hu\\\/#website\",\"url\":\"https:\\\/\\\/www.novationtech.com\\\/hu\\\/\",\"name\":\"Novation Tech\",\"description\":\"Excellence is our mission\",\"potentialAction\":[{\"@type\":\"SearchAction\",\"target\":{\"@type\":\"EntryPoint\",\"urlTemplate\":\"https:\\\/\\\/www.novationtech.com\\\/hu\\\/?s={search_term_string}\"},\"query-input\":{\"@type\":\"PropertyValueSpecification\",\"valueRequired\":true,\"valueName\":\"search_term_string\"}}],\"inLanguage\":\"hu\"}]}<\/script>\n<!-- \/ Yoast SEO plugin. -->","yoast_head_json":{"title":"\u00c1ll\u00e1saj\u00e1nlataink - Novation Tech","robots":{"index":"index","follow":"follow","max-snippet":"max-snippet:-1","max-image-preview":"max-image-preview:large","max-video-preview":"max-video-preview:-1"},"canonical":"https:\/\/www.novationtech.com\/hu\/allasajanlataink\/","og_locale":"hu_HU","og_type":"article","og_title":"\u00c1ll\u00e1saj\u00e1nlataink - Novation Tech","og_url":"https:\/\/www.novationtech.com\/hu\/allasajanlataink\/","og_site_name":"Novation Tech","twitter_card":"summary_large_image","schema":{"@context":"https:\/\/schema.org","@graph":[{"@type":"WebPage","@id":"https:\/\/www.novationtech.com\/hu\/allasajanlataink\/","url":"https:\/\/www.novationtech.com\/hu\/allasajanlataink\/","name":"\u00c1ll\u00e1saj\u00e1nlataink - Novation Tech","isPartOf":{"@id":"https:\/\/www.novationtech.com\/hu\/#website"},"datePublished":"2022-05-17T13:52:11+00:00","breadcrumb":{"@id":"https:\/\/www.novationtech.com\/hu\/allasajanlataink\/#breadcrumb"},"inLanguage":"hu","potentialAction":[{"@type":"ReadAction","target":["https:\/\/www.novationtech.com\/hu\/allasajanlataink\/"]}]},{"@type":"BreadcrumbList","@id":"https:\/\/www.novationtech.com\/hu\/allasajanlataink\/#breadcrumb","itemListElement":[{"@type":"ListItem","position":1,"name":"Home","item":"https:\/\/www.novationtech.com\/hu\/"},{"@type":"ListItem","position":2,"name":"\u00c1ll\u00e1saj\u00e1nlataink"}]},{"@type":"WebSite","@id":"https:\/\/www.novationtech.com\/hu\/#website","url":"https:\/\/www.novationtech.com\/hu\/","name":"Novation Tech","description":"Excellence is our mission","potentialAction":[{"@type":"SearchAction","target":{"@type":"EntryPoint","urlTemplate":"https:\/\/www.novationtech.com\/hu\/?s={search_term_string}"},"query-input":{"@type":"PropertyValueSpecification","valueRequired":true,"valueName":"search_term_string"}}],"inLanguage":"hu"}]}},"_links":{"self":[{"href":"https:\/\/www.novationtech.com\/hu\/wp-json\/wp\/v2\/pages\/1393","targetHints":{"allow":["GET"]}}],"collection":[{"href":"https:\/\/www.novationtech.com\/hu\/wp-json\/wp\/v2\/pages"}],"about":[{"href":"https:\/\/www.novationtech.com\/hu\/wp-json\/wp\/v2\/types\/page"}],"author":[{"embeddable":true,"href":"https:\/\/www.novationtech.com\/hu\/wp-json\/wp\/v2\/users\/4"}],"replies":[{"embeddable":true,"href":"https:\/\/www.novationtech.com\/hu\/wp-json\/wp\/v2\/comments?post=1393"}],"version-history":[{"count":1,"href":"https:\/\/www.novationtech.com\/hu\/wp-json\/wp\/v2\/pages\/1393\/revisions"}],"predecessor-version":[{"id":1394,"href":"https:\/\/www.novationtech.com\/hu\/wp-json\/wp\/v2\/pages\/1393\/revisions\/1394"}],"wp:attachment":[{"href":"https:\/\/www.novationtech.com\/hu\/wp-json\/wp\/v2\/media?parent=1393"}],"curies":[{"name":"wp","href":"https:\/\/api.w.org\/{rel}","templated":true}]}}