{"id":1313,"date":"2021-02-02T12:20:27","date_gmt":"2021-02-02T11:20:27","guid":{"rendered":"https:\/\/www.novationtech.com\/processi-produttivi-tecnologie\/"},"modified":"2026-03-06T10:22:31","modified_gmt":"2026-03-06T09:22:31","slug":"processi-produttivi-tecnologie","status":"publish","type":"page","link":"https:\/\/www.novationtech.com\/hu\/processi-produttivi-tecnologie\/","title":{"rendered":"Termel\u00e9si folyamatok"},"content":{"rendered":"","protected":false},"excerpt":{"rendered":"","protected":false},"author":4,"featured_media":0,"parent":0,"menu_order":0,"comment_status":"closed","ping_status":"closed","template":"templates\/page-processes.php","meta":{"_acf_changed":false,"inline_featured_image":false,"footnotes":""},"class_list":["post-1313","page","type-page","status-publish","hentry"],"acf":[],"yoast_head":"<!-- This site is optimized with the Yoast SEO plugin v27.4 - https:\/\/yoast.com\/product\/yoast-seo-wordpress\/ -->\n<title>Folyamatok \u00e9s technol\u00f3gi\u00e1k | Sz\u00e9nfeldolgoz\u00e1s | Novation Tech<\/title>\n<meta name=\"description\" content=\"Szabadalmak \u00e9s innovat\u00edv technol\u00f3gi\u00e1k minden sz\u00e9nfeldolgoz\u00e1si folyamathoz: autokl\u00e1vok, plotterek, CNC-g\u00e9pek, fest\u00e9s, laborat\u00f3riumi elemz\u00e9s.\" \/>\n<meta name=\"robots\" content=\"index, follow, max-snippet:-1, max-image-preview:large, max-video-preview:-1\" \/>\n<link rel=\"canonical\" href=\"https:\/\/www.novationtech.com\/hu\/processi-produttivi-tecnologie\/\" \/>\n<meta property=\"og:locale\" content=\"hu_HU\" \/>\n<meta property=\"og:type\" content=\"article\" \/>\n<meta property=\"og:title\" content=\"Folyamatok \u00e9s technol\u00f3gi\u00e1k | Sz\u00e9nfeldolgoz\u00e1s | Novation Tech\" \/>\n<meta property=\"og:description\" content=\"Szabadalmak \u00e9s innovat\u00edv technol\u00f3gi\u00e1k minden sz\u00e9nfeldolgoz\u00e1si folyamathoz: autokl\u00e1vok, plotterek, CNC-g\u00e9pek, fest\u00e9s, laborat\u00f3riumi elemz\u00e9s.\" \/>\n<meta property=\"og:url\" content=\"https:\/\/www.novationtech.com\/hu\/processi-produttivi-tecnologie\/\" \/>\n<meta property=\"og:site_name\" content=\"Novation Tech\" \/>\n<meta property=\"article:modified_time\" content=\"2026-03-06T09:22:31+00:00\" \/>\n<meta name=\"twitter:card\" content=\"summary_large_image\" \/>\n<script type=\"application\/ld+json\" class=\"yoast-schema-graph\">{\"@context\":\"https:\\\/\\\/schema.org\",\"@graph\":[{\"@type\":\"WebPage\",\"@id\":\"https:\\\/\\\/www.novationtech.com\\\/hu\\\/processi-produttivi-tecnologie\\\/\",\"url\":\"https:\\\/\\\/www.novationtech.com\\\/hu\\\/processi-produttivi-tecnologie\\\/\",\"name\":\"Folyamatok \u00e9s technol\u00f3gi\u00e1k | Sz\u00e9nfeldolgoz\u00e1s | Novation Tech\",\"isPartOf\":{\"@id\":\"https:\\\/\\\/www.novationtech.com\\\/hu\\\/#website\"},\"datePublished\":\"2021-02-02T11:20:27+00:00\",\"dateModified\":\"2026-03-06T09:22:31+00:00\",\"description\":\"Szabadalmak \u00e9s innovat\u00edv technol\u00f3gi\u00e1k minden sz\u00e9nfeldolgoz\u00e1si folyamathoz: autokl\u00e1vok, plotterek, CNC-g\u00e9pek, fest\u00e9s, laborat\u00f3riumi elemz\u00e9s.\",\"breadcrumb\":{\"@id\":\"https:\\\/\\\/www.novationtech.com\\\/hu\\\/processi-produttivi-tecnologie\\\/#breadcrumb\"},\"inLanguage\":\"hu\",\"potentialAction\":[{\"@type\":\"ReadAction\",\"target\":[\"https:\\\/\\\/www.novationtech.com\\\/hu\\\/processi-produttivi-tecnologie\\\/\"]}]},{\"@type\":\"BreadcrumbList\",\"@id\":\"https:\\\/\\\/www.novationtech.com\\\/hu\\\/processi-produttivi-tecnologie\\\/#breadcrumb\",\"itemListElement\":[{\"@type\":\"ListItem\",\"position\":1,\"name\":\"Home\",\"item\":\"https:\\\/\\\/www.novationtech.com\\\/hu\\\/\"},{\"@type\":\"ListItem\",\"position\":2,\"name\":\"Termel\u00e9si folyamatok\"}]},{\"@type\":\"WebSite\",\"@id\":\"https:\\\/\\\/www.novationtech.com\\\/hu\\\/#website\",\"url\":\"https:\\\/\\\/www.novationtech.com\\\/hu\\\/\",\"name\":\"Novation Tech\",\"description\":\"Excellence is our mission\",\"potentialAction\":[{\"@type\":\"SearchAction\",\"target\":{\"@type\":\"EntryPoint\",\"urlTemplate\":\"https:\\\/\\\/www.novationtech.com\\\/hu\\\/?s={search_term_string}\"},\"query-input\":{\"@type\":\"PropertyValueSpecification\",\"valueRequired\":true,\"valueName\":\"search_term_string\"}}],\"inLanguage\":\"hu\"}]}<\/script>\n<!-- \/ Yoast SEO plugin. -->","yoast_head_json":{"title":"Folyamatok \u00e9s technol\u00f3gi\u00e1k | Sz\u00e9nfeldolgoz\u00e1s | Novation Tech","description":"Szabadalmak \u00e9s innovat\u00edv technol\u00f3gi\u00e1k minden sz\u00e9nfeldolgoz\u00e1si folyamathoz: autokl\u00e1vok, plotterek, CNC-g\u00e9pek, fest\u00e9s, laborat\u00f3riumi elemz\u00e9s.","robots":{"index":"index","follow":"follow","max-snippet":"max-snippet:-1","max-image-preview":"max-image-preview:large","max-video-preview":"max-video-preview:-1"},"canonical":"https:\/\/www.novationtech.com\/hu\/processi-produttivi-tecnologie\/","og_locale":"hu_HU","og_type":"article","og_title":"Folyamatok \u00e9s technol\u00f3gi\u00e1k | Sz\u00e9nfeldolgoz\u00e1s | Novation Tech","og_description":"Szabadalmak \u00e9s innovat\u00edv technol\u00f3gi\u00e1k minden sz\u00e9nfeldolgoz\u00e1si folyamathoz: autokl\u00e1vok, plotterek, CNC-g\u00e9pek, fest\u00e9s, laborat\u00f3riumi elemz\u00e9s.","og_url":"https:\/\/www.novationtech.com\/hu\/processi-produttivi-tecnologie\/","og_site_name":"Novation Tech","article_modified_time":"2026-03-06T09:22:31+00:00","twitter_card":"summary_large_image","schema":{"@context":"https:\/\/schema.org","@graph":[{"@type":"WebPage","@id":"https:\/\/www.novationtech.com\/hu\/processi-produttivi-tecnologie\/","url":"https:\/\/www.novationtech.com\/hu\/processi-produttivi-tecnologie\/","name":"Folyamatok \u00e9s technol\u00f3gi\u00e1k | Sz\u00e9nfeldolgoz\u00e1s | Novation Tech","isPartOf":{"@id":"https:\/\/www.novationtech.com\/hu\/#website"},"datePublished":"2021-02-02T11:20:27+00:00","dateModified":"2026-03-06T09:22:31+00:00","description":"Szabadalmak \u00e9s innovat\u00edv technol\u00f3gi\u00e1k minden sz\u00e9nfeldolgoz\u00e1si folyamathoz: autokl\u00e1vok, plotterek, CNC-g\u00e9pek, fest\u00e9s, laborat\u00f3riumi elemz\u00e9s.","breadcrumb":{"@id":"https:\/\/www.novationtech.com\/hu\/processi-produttivi-tecnologie\/#breadcrumb"},"inLanguage":"hu","potentialAction":[{"@type":"ReadAction","target":["https:\/\/www.novationtech.com\/hu\/processi-produttivi-tecnologie\/"]}]},{"@type":"BreadcrumbList","@id":"https:\/\/www.novationtech.com\/hu\/processi-produttivi-tecnologie\/#breadcrumb","itemListElement":[{"@type":"ListItem","position":1,"name":"Home","item":"https:\/\/www.novationtech.com\/hu\/"},{"@type":"ListItem","position":2,"name":"Termel\u00e9si folyamatok"}]},{"@type":"WebSite","@id":"https:\/\/www.novationtech.com\/hu\/#website","url":"https:\/\/www.novationtech.com\/hu\/","name":"Novation Tech","description":"Excellence is our mission","potentialAction":[{"@type":"SearchAction","target":{"@type":"EntryPoint","urlTemplate":"https:\/\/www.novationtech.com\/hu\/?s={search_term_string}"},"query-input":{"@type":"PropertyValueSpecification","valueRequired":true,"valueName":"search_term_string"}}],"inLanguage":"hu"}]}},"_links":{"self":[{"href":"https:\/\/www.novationtech.com\/hu\/wp-json\/wp\/v2\/pages\/1313","targetHints":{"allow":["GET"]}}],"collection":[{"href":"https:\/\/www.novationtech.com\/hu\/wp-json\/wp\/v2\/pages"}],"about":[{"href":"https:\/\/www.novationtech.com\/hu\/wp-json\/wp\/v2\/types\/page"}],"author":[{"embeddable":true,"href":"https:\/\/www.novationtech.com\/hu\/wp-json\/wp\/v2\/users\/4"}],"replies":[{"embeddable":true,"href":"https:\/\/www.novationtech.com\/hu\/wp-json\/wp\/v2\/comments?post=1313"}],"version-history":[{"count":11,"href":"https:\/\/www.novationtech.com\/hu\/wp-json\/wp\/v2\/pages\/1313\/revisions"}],"predecessor-version":[{"id":3308,"href":"https:\/\/www.novationtech.com\/hu\/wp-json\/wp\/v2\/pages\/1313\/revisions\/3308"}],"wp:attachment":[{"href":"https:\/\/www.novationtech.com\/hu\/wp-json\/wp\/v2\/media?parent=1313"}],"curies":[{"name":"wp","href":"https:\/\/api.w.org\/{rel}","templated":true}]}}