{"id":2126,"date":"2024-08-07T14:57:28","date_gmt":"2024-08-07T12:57:28","guid":{"rendered":"https:\/\/www.novationtech.com\/?page_id=2126"},"modified":"2025-09-11T08:13:15","modified_gmt":"2025-09-11T06:13:15","slug":"sustainabilitypolicyhr","status":"publish","type":"page","link":"https:\/\/www.novationtech.com\/hr\/sustainabilitypolicyhr\/","title":{"rendered":"Sustainability Policy and Supplier Requirements"},"content":{"rendered":"<p><iframe loading=\"lazy\" src=\"https:\/\/drive.google.com\/file\/d\/1GnPacFHQChQWHu0hEyEVrc1_IEiwjk62\/preview\" width=\"640\" height=\"640\"><span data-mce-type=\"bookmark\" style=\"display: inline-block; width: 0px; overflow: hidden; line-height: 0;\" class=\"mce_SELRES_start\">\ufeff<\/span><span data-mce-type=\"bookmark\" style=\"display: inline-block; width: 0px; overflow: hidden; line-height: 0;\" class=\"mce_SELRES_start\">\ufeff<\/span><span data-mce-type=\"bookmark\" style=\"display: inline-block; width: 0px; overflow: hidden; line-height: 0;\" class=\"mce_SELRES_start\">\ufeff<\/span><\/iframe><\/p>\n<p><span class=\"notice\"><br \/>\nAko ne vidite dokument obnovite ili izmijenite svoju <a>autorizaciju za kori\u0161tenje &#8220;Marketing&#8221; kola\u010di\u0107a klikom ovdje<\/a>.<br \/>\n<\/span><\/p>\n","protected":false},"excerpt":{"rendered":"<p>\ufeff\ufeff\ufeff Ako ne vidite dokument obnovite ili izmijenite svoju autorizaciju za kori\u0161tenje &#8220;Marketing&#8221; kola\u010di\u0107a klikom ovdje.<\/p>\n","protected":false},"author":3,"featured_media":0,"parent":0,"menu_order":0,"comment_status":"closed","ping_status":"closed","template":"","meta":{"_acf_changed":false,"inline_featured_image":false,"footnotes":""},"class_list":["post-2126","page","type-page","status-publish","hentry"],"acf":[],"yoast_head":"<!-- This site is optimized with the Yoast SEO plugin v27.4 - https:\/\/yoast.com\/product\/yoast-seo-wordpress\/ -->\n<title>Sustainability Policy and Supplier Requirements - Novation Tech<\/title>\n<meta name=\"robots\" content=\"index, follow, max-snippet:-1, max-image-preview:large, max-video-preview:-1\" \/>\n<link rel=\"canonical\" href=\"https:\/\/www.novationtech.com\/hr\/sustainabilitypolicyhr\/\" \/>\n<meta property=\"og:locale\" content=\"hr_HR\" \/>\n<meta property=\"og:type\" content=\"article\" \/>\n<meta property=\"og:title\" content=\"Sustainability Policy and Supplier Requirements - Novation Tech\" \/>\n<meta property=\"og:description\" content=\"\ufeff\ufeff\ufeff Ako ne vidite dokument obnovite ili izmijenite svoju autorizaciju za kori\u0161tenje &#8220;Marketing&#8221; kola\u010di\u0107a klikom ovdje.\" \/>\n<meta property=\"og:url\" content=\"https:\/\/www.novationtech.com\/hr\/sustainabilitypolicyhr\/\" \/>\n<meta property=\"og:site_name\" content=\"Novation Tech\" \/>\n<meta property=\"article:modified_time\" content=\"2025-09-11T06:13:15+00:00\" \/>\n<meta name=\"twitter:card\" content=\"summary_large_image\" \/>\n<meta name=\"twitter:label1\" content=\"Procijenjeno vrijeme \u010ditanja\" \/>\n\t<meta name=\"twitter:data1\" content=\"1 minuta\" \/>\n<script type=\"application\/ld+json\" class=\"yoast-schema-graph\">{\"@context\":\"https:\\\/\\\/schema.org\",\"@graph\":[{\"@type\":\"WebPage\",\"@id\":\"https:\\\/\\\/www.novationtech.com\\\/hr\\\/sustainabilitypolicyhr\\\/\",\"url\":\"https:\\\/\\\/www.novationtech.com\\\/hr\\\/sustainabilitypolicyhr\\\/\",\"name\":\"Sustainability Policy and Supplier Requirements - Novation Tech\",\"isPartOf\":{\"@id\":\"https:\\\/\\\/www.novationtech.com\\\/hr\\\/#website\"},\"datePublished\":\"2024-08-07T12:57:28+00:00\",\"dateModified\":\"2025-09-11T06:13:15+00:00\",\"breadcrumb\":{\"@id\":\"https:\\\/\\\/www.novationtech.com\\\/hr\\\/sustainabilitypolicyhr\\\/#breadcrumb\"},\"inLanguage\":\"hr\",\"potentialAction\":[{\"@type\":\"ReadAction\",\"target\":[\"https:\\\/\\\/www.novationtech.com\\\/hr\\\/sustainabilitypolicyhr\\\/\"]}]},{\"@type\":\"BreadcrumbList\",\"@id\":\"https:\\\/\\\/www.novationtech.com\\\/hr\\\/sustainabilitypolicyhr\\\/#breadcrumb\",\"itemListElement\":[{\"@type\":\"ListItem\",\"position\":1,\"name\":\"Home\",\"item\":\"https:\\\/\\\/www.novationtech.com\\\/hr\\\/\"},{\"@type\":\"ListItem\",\"position\":2,\"name\":\"Sustainability Policy and Supplier Requirements\"}]},{\"@type\":\"WebSite\",\"@id\":\"https:\\\/\\\/www.novationtech.com\\\/hr\\\/#website\",\"url\":\"https:\\\/\\\/www.novationtech.com\\\/hr\\\/\",\"name\":\"Novation Tech\",\"description\":\"Excellence is our mission\",\"potentialAction\":[{\"@type\":\"SearchAction\",\"target\":{\"@type\":\"EntryPoint\",\"urlTemplate\":\"https:\\\/\\\/www.novationtech.com\\\/hr\\\/?s={search_term_string}\"},\"query-input\":{\"@type\":\"PropertyValueSpecification\",\"valueRequired\":true,\"valueName\":\"search_term_string\"}}],\"inLanguage\":\"hr\"}]}<\/script>\n<!-- \/ Yoast SEO plugin. -->","yoast_head_json":{"title":"Sustainability Policy and Supplier Requirements - Novation Tech","robots":{"index":"index","follow":"follow","max-snippet":"max-snippet:-1","max-image-preview":"max-image-preview:large","max-video-preview":"max-video-preview:-1"},"canonical":"https:\/\/www.novationtech.com\/hr\/sustainabilitypolicyhr\/","og_locale":"hr_HR","og_type":"article","og_title":"Sustainability Policy and Supplier Requirements - Novation Tech","og_description":"\ufeff\ufeff\ufeff Ako ne vidite dokument obnovite ili izmijenite svoju autorizaciju za kori\u0161tenje &#8220;Marketing&#8221; kola\u010di\u0107a klikom ovdje.","og_url":"https:\/\/www.novationtech.com\/hr\/sustainabilitypolicyhr\/","og_site_name":"Novation Tech","article_modified_time":"2025-09-11T06:13:15+00:00","twitter_card":"summary_large_image","twitter_misc":{"Procijenjeno vrijeme \u010ditanja":"1 minuta"},"schema":{"@context":"https:\/\/schema.org","@graph":[{"@type":"WebPage","@id":"https:\/\/www.novationtech.com\/hr\/sustainabilitypolicyhr\/","url":"https:\/\/www.novationtech.com\/hr\/sustainabilitypolicyhr\/","name":"Sustainability Policy and Supplier Requirements - Novation Tech","isPartOf":{"@id":"https:\/\/www.novationtech.com\/hr\/#website"},"datePublished":"2024-08-07T12:57:28+00:00","dateModified":"2025-09-11T06:13:15+00:00","breadcrumb":{"@id":"https:\/\/www.novationtech.com\/hr\/sustainabilitypolicyhr\/#breadcrumb"},"inLanguage":"hr","potentialAction":[{"@type":"ReadAction","target":["https:\/\/www.novationtech.com\/hr\/sustainabilitypolicyhr\/"]}]},{"@type":"BreadcrumbList","@id":"https:\/\/www.novationtech.com\/hr\/sustainabilitypolicyhr\/#breadcrumb","itemListElement":[{"@type":"ListItem","position":1,"name":"Home","item":"https:\/\/www.novationtech.com\/hr\/"},{"@type":"ListItem","position":2,"name":"Sustainability Policy and Supplier Requirements"}]},{"@type":"WebSite","@id":"https:\/\/www.novationtech.com\/hr\/#website","url":"https:\/\/www.novationtech.com\/hr\/","name":"Novation Tech","description":"Excellence is our mission","potentialAction":[{"@type":"SearchAction","target":{"@type":"EntryPoint","urlTemplate":"https:\/\/www.novationtech.com\/hr\/?s={search_term_string}"},"query-input":{"@type":"PropertyValueSpecification","valueRequired":true,"valueName":"search_term_string"}}],"inLanguage":"hr"}]}},"_links":{"self":[{"href":"https:\/\/www.novationtech.com\/hr\/wp-json\/wp\/v2\/pages\/2126","targetHints":{"allow":["GET"]}}],"collection":[{"href":"https:\/\/www.novationtech.com\/hr\/wp-json\/wp\/v2\/pages"}],"about":[{"href":"https:\/\/www.novationtech.com\/hr\/wp-json\/wp\/v2\/types\/page"}],"author":[{"embeddable":true,"href":"https:\/\/www.novationtech.com\/hr\/wp-json\/wp\/v2\/users\/3"}],"replies":[{"embeddable":true,"href":"https:\/\/www.novationtech.com\/hr\/wp-json\/wp\/v2\/comments?post=2126"}],"version-history":[{"count":3,"href":"https:\/\/www.novationtech.com\/hr\/wp-json\/wp\/v2\/pages\/2126\/revisions"}],"predecessor-version":[{"id":2882,"href":"https:\/\/www.novationtech.com\/hr\/wp-json\/wp\/v2\/pages\/2126\/revisions\/2882"}],"wp:attachment":[{"href":"https:\/\/www.novationtech.com\/hr\/wp-json\/wp\/v2\/media?parent=2126"}],"curies":[{"name":"wp","href":"https:\/\/api.w.org\/{rel}","templated":true}]}}