{"id":1418,"date":"2021-02-02T16:08:55","date_gmt":"2021-02-02T15:08:55","guid":{"rendered":"https:\/\/www.novationtech.com\/condizioni-generali-di-acquisto\/"},"modified":"2025-09-11T08:17:29","modified_gmt":"2025-09-11T06:17:29","slug":"opci-uvjeti-poslovanja","status":"publish","type":"page","link":"https:\/\/www.novationtech.com\/hr\/opci-uvjeti-poslovanja\/","title":{"rendered":"Op\u0107i uvjeti poslovanja"},"content":{"rendered":"","protected":true},"excerpt":{"rendered":"","protected":true},"author":4,"featured_media":0,"parent":0,"menu_order":0,"comment_status":"closed","ping_status":"closed","template":"","meta":{"_acf_changed":false,"inline_featured_image":false,"footnotes":""},"class_list":["post-1418","page","type-page","status-publish","post-password-required","hentry"],"acf":[],"yoast_head":"<!-- This site is optimized with the Yoast SEO plugin v27.4 - https:\/\/yoast.com\/product\/yoast-seo-wordpress\/ -->\n<title>Op\u0107i uvjeti poslovanja - Novation Tech<\/title>\n<meta name=\"robots\" content=\"index, follow, max-snippet:-1, max-image-preview:large, max-video-preview:-1\" \/>\n<link rel=\"canonical\" href=\"https:\/\/www.novationtech.com\/hr\/opci-uvjeti-poslovanja\/\" \/>\n<meta property=\"og:locale\" content=\"hr_HR\" \/>\n<meta property=\"og:type\" content=\"article\" \/>\n<meta property=\"og:title\" content=\"Op\u0107i uvjeti poslovanja - Novation Tech\" \/>\n<meta property=\"og:description\" content=\"Nema ulomka jer je objava za\u0161ti\u0107ena.\" \/>\n<meta property=\"og:url\" content=\"https:\/\/www.novationtech.com\/hr\/opci-uvjeti-poslovanja\/\" \/>\n<meta property=\"og:site_name\" content=\"Novation Tech\" \/>\n<meta property=\"article:modified_time\" content=\"2025-09-11T06:17:29+00:00\" \/>\n<meta name=\"twitter:card\" content=\"summary_large_image\" \/>\n<meta name=\"twitter:label1\" content=\"Procijenjeno vrijeme \u010ditanja\" \/>\n\t<meta name=\"twitter:data1\" content=\"1 minuta\" \/>\n<script type=\"application\/ld+json\" class=\"yoast-schema-graph\">{\"@context\":\"https:\\\/\\\/schema.org\",\"@graph\":[{\"@type\":\"WebPage\",\"@id\":\"https:\\\/\\\/www.novationtech.com\\\/hr\\\/opci-uvjeti-poslovanja\\\/\",\"url\":\"https:\\\/\\\/www.novationtech.com\\\/hr\\\/opci-uvjeti-poslovanja\\\/\",\"name\":\"Op\u0107i uvjeti poslovanja - Novation Tech\",\"isPartOf\":{\"@id\":\"https:\\\/\\\/www.novationtech.com\\\/hr\\\/#website\"},\"datePublished\":\"2021-02-02T15:08:55+00:00\",\"dateModified\":\"2025-09-11T06:17:29+00:00\",\"breadcrumb\":{\"@id\":\"https:\\\/\\\/www.novationtech.com\\\/hr\\\/opci-uvjeti-poslovanja\\\/#breadcrumb\"},\"inLanguage\":\"hr\"},{\"@type\":\"WebSite\",\"@id\":\"https:\\\/\\\/www.novationtech.com\\\/hr\\\/#website\",\"url\":\"https:\\\/\\\/www.novationtech.com\\\/hr\\\/\",\"name\":\"Novation Tech\",\"description\":\"Excellence is our mission\",\"potentialAction\":[{\"@type\":\"SearchAction\",\"target\":{\"@type\":\"EntryPoint\",\"urlTemplate\":\"https:\\\/\\\/www.novationtech.com\\\/hr\\\/?s={search_term_string}\"},\"query-input\":{\"@type\":\"PropertyValueSpecification\",\"valueRequired\":true,\"valueName\":\"search_term_string\"}}],\"inLanguage\":\"hr\"}]}<\/script>\n<!-- \/ Yoast SEO plugin. -->","yoast_head_json":{"title":"Op\u0107i uvjeti poslovanja - Novation Tech","robots":{"index":"index","follow":"follow","max-snippet":"max-snippet:-1","max-image-preview":"max-image-preview:large","max-video-preview":"max-video-preview:-1"},"canonical":"https:\/\/www.novationtech.com\/hr\/opci-uvjeti-poslovanja\/","og_locale":"hr_HR","og_type":"article","og_title":"Op\u0107i uvjeti poslovanja - Novation Tech","og_description":"Nema ulomka jer je objava za\u0161ti\u0107ena.","og_url":"https:\/\/www.novationtech.com\/hr\/opci-uvjeti-poslovanja\/","og_site_name":"Novation Tech","article_modified_time":"2025-09-11T06:17:29+00:00","twitter_card":"summary_large_image","twitter_misc":{"Procijenjeno vrijeme \u010ditanja":"1 minuta"},"schema":{"@context":"https:\/\/schema.org","@graph":[{"@type":"WebPage","@id":"https:\/\/www.novationtech.com\/hr\/opci-uvjeti-poslovanja\/","url":"https:\/\/www.novationtech.com\/hr\/opci-uvjeti-poslovanja\/","name":"Op\u0107i uvjeti poslovanja - Novation Tech","isPartOf":{"@id":"https:\/\/www.novationtech.com\/hr\/#website"},"datePublished":"2021-02-02T15:08:55+00:00","dateModified":"2025-09-11T06:17:29+00:00","breadcrumb":{"@id":"https:\/\/www.novationtech.com\/hr\/opci-uvjeti-poslovanja\/#breadcrumb"},"inLanguage":"hr"},{"@type":"WebSite","@id":"https:\/\/www.novationtech.com\/hr\/#website","url":"https:\/\/www.novationtech.com\/hr\/","name":"Novation Tech","description":"Excellence is our mission","potentialAction":[{"@type":"SearchAction","target":{"@type":"EntryPoint","urlTemplate":"https:\/\/www.novationtech.com\/hr\/?s={search_term_string}"},"query-input":{"@type":"PropertyValueSpecification","valueRequired":true,"valueName":"search_term_string"}}],"inLanguage":"hr"}]}},"_links":{"self":[{"href":"https:\/\/www.novationtech.com\/hr\/wp-json\/wp\/v2\/pages\/1418","targetHints":{"allow":["GET"]}}],"collection":[{"href":"https:\/\/www.novationtech.com\/hr\/wp-json\/wp\/v2\/pages"}],"about":[{"href":"https:\/\/www.novationtech.com\/hr\/wp-json\/wp\/v2\/types\/page"}],"author":[{"embeddable":true,"href":"https:\/\/www.novationtech.com\/hr\/wp-json\/wp\/v2\/users\/4"}],"replies":[{"embeddable":true,"href":"https:\/\/www.novationtech.com\/hr\/wp-json\/wp\/v2\/comments?post=1418"}],"version-history":[{"count":6,"href":"https:\/\/www.novationtech.com\/hr\/wp-json\/wp\/v2\/pages\/1418\/revisions"}],"predecessor-version":[{"id":2887,"href":"https:\/\/www.novationtech.com\/hr\/wp-json\/wp\/v2\/pages\/1418\/revisions\/2887"}],"wp:attachment":[{"href":"https:\/\/www.novationtech.com\/hr\/wp-json\/wp\/v2\/media?parent=1418"}],"curies":[{"name":"wp","href":"https:\/\/api.w.org\/{rel}","templated":true}]}}