{"id":1411,"date":"2021-02-02T16:08:35","date_gmt":"2021-02-02T15:08:35","guid":{"rendered":"https:\/\/www.novationtech.com\/codice-etico\/"},"modified":"2022-06-24T11:17:42","modified_gmt":"2022-06-24T09:17:42","slug":"codice-etico","status":"publish","type":"page","link":"https:\/\/www.novationtech.com\/hr\/codice-etico\/","title":{"rendered":"Eti\u010dki kodeks"},"content":{"rendered":"<p><iframe loading=\"lazy\" src=\"https:\/\/drive.google.com\/file\/d\/1kgFGgsvnE2pgiRM26Y5hrxQ1vvhw7cgX\/preview\" width=\"640\" height=\"640\"><\/iframe><\/p>\n<p><span class=\"notice\"><br \/>\nAko ne vidite dokument obnovite ili izmijenite svoju <a href=\"javascript: Cookiebot.renew()\">autorizaciju za kori\u0161tenje &#8220;Marketing&#8221; kola\u010di\u0107a klikom ovdje<\/a>.<br \/>\n<\/span><\/p>\n","protected":false},"excerpt":{"rendered":"<p>Ako ne vidite dokument obnovite ili izmijenite svoju autorizaciju za kori\u0161tenje &#8220;Marketing&#8221; kola\u010di\u0107a klikom ovdje.<\/p>\n","protected":false},"author":4,"featured_media":0,"parent":0,"menu_order":0,"comment_status":"closed","ping_status":"closed","template":"","meta":{"_acf_changed":false,"inline_featured_image":false,"footnotes":""},"class_list":["post-1411","page","type-page","status-publish","hentry"],"acf":[],"yoast_head":"<!-- This site is optimized with the Yoast SEO plugin v27.4 - https:\/\/yoast.com\/product\/yoast-seo-wordpress\/ -->\n<title>Eti\u010dki kodeks - Novation Tech<\/title>\n<meta name=\"robots\" content=\"index, follow, max-snippet:-1, max-image-preview:large, max-video-preview:-1\" \/>\n<link rel=\"canonical\" href=\"https:\/\/www.novationtech.com\/hr\/codice-etico\/\" \/>\n<meta property=\"og:locale\" content=\"hr_HR\" \/>\n<meta property=\"og:type\" content=\"article\" \/>\n<meta property=\"og:title\" content=\"Eti\u010dki kodeks - Novation Tech\" \/>\n<meta property=\"og:description\" content=\"Ako ne vidite dokument obnovite ili izmijenite svoju autorizaciju za kori\u0161tenje &#8220;Marketing&#8221; kola\u010di\u0107a klikom ovdje.\" \/>\n<meta property=\"og:url\" content=\"https:\/\/www.novationtech.com\/hr\/codice-etico\/\" \/>\n<meta property=\"og:site_name\" content=\"Novation Tech\" \/>\n<meta property=\"article:modified_time\" content=\"2022-06-24T09:17:42+00:00\" \/>\n<meta name=\"twitter:card\" content=\"summary_large_image\" \/>\n<script type=\"application\/ld+json\" class=\"yoast-schema-graph\">{\"@context\":\"https:\\\/\\\/schema.org\",\"@graph\":[{\"@type\":\"WebPage\",\"@id\":\"https:\\\/\\\/www.novationtech.com\\\/hr\\\/codice-etico\\\/\",\"url\":\"https:\\\/\\\/www.novationtech.com\\\/hr\\\/codice-etico\\\/\",\"name\":\"Eti\u010dki kodeks - Novation Tech\",\"isPartOf\":{\"@id\":\"https:\\\/\\\/www.novationtech.com\\\/hr\\\/#website\"},\"datePublished\":\"2021-02-02T15:08:35+00:00\",\"dateModified\":\"2022-06-24T09:17:42+00:00\",\"breadcrumb\":{\"@id\":\"https:\\\/\\\/www.novationtech.com\\\/hr\\\/codice-etico\\\/#breadcrumb\"},\"inLanguage\":\"hr\",\"potentialAction\":[{\"@type\":\"ReadAction\",\"target\":[\"https:\\\/\\\/www.novationtech.com\\\/hr\\\/codice-etico\\\/\"]}]},{\"@type\":\"BreadcrumbList\",\"@id\":\"https:\\\/\\\/www.novationtech.com\\\/hr\\\/codice-etico\\\/#breadcrumb\",\"itemListElement\":[{\"@type\":\"ListItem\",\"position\":1,\"name\":\"Home\",\"item\":\"https:\\\/\\\/www.novationtech.com\\\/hr\\\/\"},{\"@type\":\"ListItem\",\"position\":2,\"name\":\"Eti\u010dki kodeks\"}]},{\"@type\":\"WebSite\",\"@id\":\"https:\\\/\\\/www.novationtech.com\\\/hr\\\/#website\",\"url\":\"https:\\\/\\\/www.novationtech.com\\\/hr\\\/\",\"name\":\"Novation Tech\",\"description\":\"Excellence is our mission\",\"potentialAction\":[{\"@type\":\"SearchAction\",\"target\":{\"@type\":\"EntryPoint\",\"urlTemplate\":\"https:\\\/\\\/www.novationtech.com\\\/hr\\\/?s={search_term_string}\"},\"query-input\":{\"@type\":\"PropertyValueSpecification\",\"valueRequired\":true,\"valueName\":\"search_term_string\"}}],\"inLanguage\":\"hr\"}]}<\/script>\n<!-- \/ Yoast SEO plugin. -->","yoast_head_json":{"title":"Eti\u010dki kodeks - Novation Tech","robots":{"index":"index","follow":"follow","max-snippet":"max-snippet:-1","max-image-preview":"max-image-preview:large","max-video-preview":"max-video-preview:-1"},"canonical":"https:\/\/www.novationtech.com\/hr\/codice-etico\/","og_locale":"hr_HR","og_type":"article","og_title":"Eti\u010dki kodeks - Novation Tech","og_description":"Ako ne vidite dokument obnovite ili izmijenite svoju autorizaciju za kori\u0161tenje &#8220;Marketing&#8221; kola\u010di\u0107a klikom ovdje.","og_url":"https:\/\/www.novationtech.com\/hr\/codice-etico\/","og_site_name":"Novation Tech","article_modified_time":"2022-06-24T09:17:42+00:00","twitter_card":"summary_large_image","schema":{"@context":"https:\/\/schema.org","@graph":[{"@type":"WebPage","@id":"https:\/\/www.novationtech.com\/hr\/codice-etico\/","url":"https:\/\/www.novationtech.com\/hr\/codice-etico\/","name":"Eti\u010dki kodeks - Novation Tech","isPartOf":{"@id":"https:\/\/www.novationtech.com\/hr\/#website"},"datePublished":"2021-02-02T15:08:35+00:00","dateModified":"2022-06-24T09:17:42+00:00","breadcrumb":{"@id":"https:\/\/www.novationtech.com\/hr\/codice-etico\/#breadcrumb"},"inLanguage":"hr","potentialAction":[{"@type":"ReadAction","target":["https:\/\/www.novationtech.com\/hr\/codice-etico\/"]}]},{"@type":"BreadcrumbList","@id":"https:\/\/www.novationtech.com\/hr\/codice-etico\/#breadcrumb","itemListElement":[{"@type":"ListItem","position":1,"name":"Home","item":"https:\/\/www.novationtech.com\/hr\/"},{"@type":"ListItem","position":2,"name":"Eti\u010dki kodeks"}]},{"@type":"WebSite","@id":"https:\/\/www.novationtech.com\/hr\/#website","url":"https:\/\/www.novationtech.com\/hr\/","name":"Novation Tech","description":"Excellence is our mission","potentialAction":[{"@type":"SearchAction","target":{"@type":"EntryPoint","urlTemplate":"https:\/\/www.novationtech.com\/hr\/?s={search_term_string}"},"query-input":{"@type":"PropertyValueSpecification","valueRequired":true,"valueName":"search_term_string"}}],"inLanguage":"hr"}]}},"_links":{"self":[{"href":"https:\/\/www.novationtech.com\/hr\/wp-json\/wp\/v2\/pages\/1411","targetHints":{"allow":["GET"]}}],"collection":[{"href":"https:\/\/www.novationtech.com\/hr\/wp-json\/wp\/v2\/pages"}],"about":[{"href":"https:\/\/www.novationtech.com\/hr\/wp-json\/wp\/v2\/types\/page"}],"author":[{"embeddable":true,"href":"https:\/\/www.novationtech.com\/hr\/wp-json\/wp\/v2\/users\/4"}],"replies":[{"embeddable":true,"href":"https:\/\/www.novationtech.com\/hr\/wp-json\/wp\/v2\/comments?post=1411"}],"version-history":[{"count":4,"href":"https:\/\/www.novationtech.com\/hr\/wp-json\/wp\/v2\/pages\/1411\/revisions"}],"predecessor-version":[{"id":1439,"href":"https:\/\/www.novationtech.com\/hr\/wp-json\/wp\/v2\/pages\/1411\/revisions\/1439"}],"wp:attachment":[{"href":"https:\/\/www.novationtech.com\/hr\/wp-json\/wp\/v2\/media?parent=1411"}],"curies":[{"name":"wp","href":"https:\/\/api.w.org\/{rel}","templated":true}]}}